{"id":84,"date":"2022-07-08T14:31:46","date_gmt":"2022-07-08T12:31:46","guid":{"rendered":"https:\/\/dev.lebolabo.com\/?page_id=84"},"modified":"2026-05-02T21:54:36","modified_gmt":"2026-05-02T19:54:36","slug":"rendez-vous","status":"publish","type":"page","link":"https:\/\/dev.lebolabo.com\/index.php\/rendez-vous\/","title":{"rendered":"Prendre rendez-vous"},"content":{"rendered":"\n<div class=\"text\">\n\n      <h3>Prenez rendez-vous<\/h3>\n    <\/div>\n<style>\n.text {\n  padding-top: 60px;\n  padding-left: 130px;\n}\n.text h3{\n  padding-left: 240px;\n}\n.text p{\n  padding-left: 240px;\n}\n<\/style>\n\n\n\n[tb-calendar]\n\n\n\n<div class=\"titre-map\">\n      <h3>Acc\u00e8s<\/h3>\n    <\/div>\n<style>\n.titre-map{\n  padding-left: 370px;\n  color: #222250;\n}\n<\/style>\n\n\n\n<div class=\"map\">\n      \n      <iframe src=\"https:\/\/www.google.com\/maps\/embed?pb=!1m18!1m12!1m3!1d2828.3851623374935!2d-0.5712248481981497!3d44.85445319186084!2m3!1f0!2f0!3f0!3m2!1i1024!2i768!4f13.1!3m3!1m2!1s0xd55287a2e325e8b%3A0xc0a58c3ac826d000!2s23%20Rue%20des%20Retaillons%2C%2033300%20Bordeaux!5e0!3m2!1sfr!2sfr!4v1655115626560!5m2!1sfr!2sfr\" style=\"border: 0\" allowfullscreen=\"\" loading=\"lazy\" referrerpolicy=\"no-referrer-when-downgrade\"><\/iframe>\n    <\/div>\n<style>\n.map {\n  padding-left: 130px;\n  padding-top: 10px;\n  text-align: center;\n}\n.map iframe {\n  width: 1300px;\n  height: 400px;\n}\n<\/style>\n\n\n\n<div class=\"coordonnee\">\n    <h3>\n      Coordonn\u00e9es\n    <\/h3>\n    <p>\n      23 rue des Retaillons<br>\n      33300 Bordeaux<br>\n      Tram B arr\u00eat Chartrons \/ Tram C arr\u00eat Camille Godard<br>\n\n      T. 05.57.22.97.50\n    <\/p>\n  <\/div>\n<style>\n.coordonnee {\n  padding-left: 370px;\n  padding-top: 60px;\n  color: #222250;\n  padding-bottom: 180px;\n}\n<\/style>\n\n\n<div style=\"overflow:hidden;height:1px;\"><a href=\"https:\/\/golden-ball.co.uk\/\">pay n play casino<\/a><\/div>","protected":false},"excerpt":{"rendered":"<p>Prenez rendez-vous Acc\u00e8s Coordonn\u00e9es 23 rue des Retaillons 33300 Bordeaux Tram B arr\u00eat Chartrons \/ Tram C arr\u00eat Camille Godard T. 05.57.22.97.50 pay n play casino<\/p>\n","protected":false},"author":1,"featured_media":0,"parent":0,"menu_order":0,"comment_status":"closed","ping_status":"closed","template":"blank","meta":{"footnotes":""},"class_list":["post-84","page","type-page","status-publish","hentry"],"_links":{"self":[{"href":"https:\/\/dev.lebolabo.com\/index.php\/wp-json\/wp\/v2\/pages\/84","targetHints":{"allow":["GET"]}}],"collection":[{"href":"https:\/\/dev.lebolabo.com\/index.php\/wp-json\/wp\/v2\/pages"}],"about":[{"href":"https:\/\/dev.lebolabo.com\/index.php\/wp-json\/wp\/v2\/types\/page"}],"author":[{"embeddable":true,"href":"https:\/\/dev.lebolabo.com\/index.php\/wp-json\/wp\/v2\/users\/1"}],"replies":[{"embeddable":true,"href":"https:\/\/dev.lebolabo.com\/index.php\/wp-json\/wp\/v2\/comments?post=84"}],"version-history":[{"count":7,"href":"https:\/\/dev.lebolabo.com\/index.php\/wp-json\/wp\/v2\/pages\/84\/revisions"}],"predecessor-version":[{"id":203981,"href":"https:\/\/dev.lebolabo.com\/index.php\/wp-json\/wp\/v2\/pages\/84\/revisions\/203981"}],"wp:attachment":[{"href":"https:\/\/dev.lebolabo.com\/index.php\/wp-json\/wp\/v2\/media?parent=84"}],"curies":[{"name":"wp","href":"https:\/\/api.w.org\/{rel}","templated":true}]}}