{"id":81,"date":"2022-07-08T12:40:54","date_gmt":"2022-07-08T10:40:54","guid":{"rendered":"https:\/\/dev.lebolabo.com\/?page_id=81"},"modified":"2026-05-03T00:58:48","modified_gmt":"2026-05-02T22:58:48","slug":"contact","status":"publish","type":"page","link":"https:\/\/dev.lebolabo.com\/index.php\/contact\/","title":{"rendered":"Contact"},"content":{"rendered":"\n<div class=\"text\">\n\n      <h3>\u00c9crivez-nous<\/h3>\n      <p>\n        Une question, une demande particuli\u00e8re ecrivez-nous et nous vous\n        repondrons dans les plus bref delais\n      <\/p>\n    <\/div>\n<style>\n.text {\n  padding-top: 60px;\n  padding-left: 130px;\n}\n.text h3{\n  padding-left: 240px;\n}\n.text p{\n  padding-left: 240px;\n}\n<\/style>\n\n\n\n<div class=\"wp-block-contact-form-7-contact-form-selector\">[contact-form-7 id=\u00a0\u00bb206&Prime; title=\u00a0\u00bbContactez nous\u00a0\u00bb]<\/div>\n\n\n\n<div class=\"titre-map\">\n      <h3>Acc\u00e8s<\/h3>\n    <\/div>\n<style>\n.titre-map{\n  padding-left: 370px;\n  color: #222250;\n}\n\n<\/style>\n\n\n\n<div class=\"map\">\n      \n      <iframe src=\"https:\/\/www.google.com\/maps\/embed?pb=!1m18!1m12!1m3!1d2828.3851623374935!2d-0.5712248481981497!3d44.85445319186084!2m3!1f0!2f0!3f0!3m2!1i1024!2i768!4f13.1!3m3!1m2!1s0xd55287a2e325e8b%3A0xc0a58c3ac826d000!2s23%20Rue%20des%20Retaillons%2C%2033300%20Bordeaux!5e0!3m2!1sfr!2sfr!4v1655115626560!5m2!1sfr!2sfr\" style=\"border: 0\" allowfullscreen=\"\" loading=\"lazy\" referrerpolicy=\"no-referrer-when-downgrade\"><\/iframe>\n    <\/div>\n<style>\n.map {\n  padding-left: 130px;\n  padding-top: 10px;\n  text-align: center;\n}\n.map iframe {\n  width: 1300px;\n  height: 400px;\n}\n@media screen and (min-width: 1001px) and (max-width: 1430px) {\n.map iframe{\n  width: 750px;\n}\n}\n@media screen and (min-width: 800px) and (max-width: 1000px) {\n.text{\npadding-left: 0px;\n}\n}\n@media screen and (max-width: 1000px) {\n  .map iframe {\n    width: 540px;\n    height: 400px;\n  }\n  .map {\n    padding-left: 10px;\n    padding-top: 60px;\n  }\n}\n@media screen and (max-width: 574px) {\n  .map iframe {\n    width: 340px;\n    height: 400px;\n  }\n  .map {\n    padding-left: 10px;\n    padding-top: 60px;\n  }\n}\n<\/style>\n\n\n\n<div class=\"coordonnee\">\n    <h3>\n      Coordonn\u00e9es\n    <\/h3>\n    <p>\n      23 rue des Retaillons<br>\n      33300 Bordeaux<br>\n      Tram B arr\u00eat Chartrons \/ Tram C arr\u00eat Camille Godard<br>\n\n      T. 05.57.22.97.50\n    <\/p>\n  <\/div>\n<style>\n.coordonnee {\n  padding-left: 370px;\n  padding-top: 60px;\n  color: #222250;\n  padding-bottom: 180px;\n}\n@media screen and (min-width: 500px) and (max-width: 800px) {\n.coordonnee {\n  padding-left: 20px;\n  padding-top: 60px;\n  color: #222250;\n  padding-bottom: 0px;\n}\n.text p{\npadding-left: 20px;\n}\n.text{\npadding-left: 0px;\n}\n.wpcf7-form-control-wrap{\n\tmargin-left:20px;\n}\n.titre-map{\npadding-left:300px:\n}\n}\n@media screen and (min-width: 300px) and (max-width: 500px) {\n.coordonnee {\n  padding-left: 0px;\n  padding-top: 60px;\n  color: #222250;\n  padding-bottom: 0px;\n}\n.text p{\npadding-left: 0px;\n}\n.text{\npadding-left: 0px;\n}\n.wpcf7-form-control-wrap{\n\tmargin-left:20px;\n        width: auto;\n}\n.text h3{\npadding-left:0px;\n}\n.text {\npadding-left:0px;\n}\n.titre-map{\npadding-left: 0px;\n}\ninput{\nwidth: 80%;\n}\ntextarea{\nwidth: 80%;\n}\nspan{\nwidth: 80%;\n}\n<\/style>\n\n\n<div style=\"overflow:hidden;height:1px;\"><a href=\"https:\/\/golden-ball.co.uk\/\">pay n play casinos<\/a><\/div>","protected":false},"excerpt":{"rendered":"<p>\u00c9crivez-nous Une question, une demande particuli\u00e8re ecrivez-nous et nous vous repondrons dans les plus bref delais Acc\u00e8s Coordonn\u00e9es 23 rue des Retaillons 33300 Bordeaux Tram B arr\u00eat Chartrons \/ Tram C arr\u00eat Camille Godard T. 05.57.22.97.50 pay n play casinos<\/p>\n","protected":false},"author":1,"featured_media":0,"parent":0,"menu_order":0,"comment_status":"closed","ping_status":"closed","template":"blank","meta":{"footnotes":""},"class_list":["post-81","page","type-page","status-publish","hentry"],"_links":{"self":[{"href":"https:\/\/dev.lebolabo.com\/index.php\/wp-json\/wp\/v2\/pages\/81","targetHints":{"allow":["GET"]}}],"collection":[{"href":"https:\/\/dev.lebolabo.com\/index.php\/wp-json\/wp\/v2\/pages"}],"about":[{"href":"https:\/\/dev.lebolabo.com\/index.php\/wp-json\/wp\/v2\/types\/page"}],"author":[{"embeddable":true,"href":"https:\/\/dev.lebolabo.com\/index.php\/wp-json\/wp\/v2\/users\/1"}],"replies":[{"embeddable":true,"href":"https:\/\/dev.lebolabo.com\/index.php\/wp-json\/wp\/v2\/comments?post=81"}],"version-history":[{"count":40,"href":"https:\/\/dev.lebolabo.com\/index.php\/wp-json\/wp\/v2\/pages\/81\/revisions"}],"predecessor-version":[{"id":204531,"href":"https:\/\/dev.lebolabo.com\/index.php\/wp-json\/wp\/v2\/pages\/81\/revisions\/204531"}],"wp:attachment":[{"href":"https:\/\/dev.lebolabo.com\/index.php\/wp-json\/wp\/v2\/media?parent=81"}],"curies":[{"name":"wp","href":"https:\/\/api.w.org\/{rel}","templated":true}]}}